{"id":92,"date":"2019-12-12T14:11:32","date_gmt":"2019-12-12T13:11:32","guid":{"rendered":"https:\/\/lbf-konsult.se\/staging\/?page_id=92"},"modified":"2019-12-20T12:36:04","modified_gmt":"2019-12-20T11:36:04","slug":"byggarbetsmiljosamordnare","status":"publish","type":"page","link":"https:\/\/lbf-konsult.se\/staging\/tjanster\/byggarbetsmiljosamordnare\/","title":{"rendered":"Byggarbetsmilj\u00f6samordnare"},"content":{"rendered":"\n<h3 class=\"wp-block-heading\">Inom bygg- och anl\u00e4ggningsbranschen sker m\u00e5nga olyckor, ibland med d\u00f6dlig utg\u00e5ng. Arbetsmilj\u00f6riskerna och riskerna m\u00e5ste lyftas fram och belysas inf\u00f6r varje projekt.<\/h3>\n\n\n\n<p>Fr.o.m. den 1 januari 2009 skall byggherren utse BAS f\u00f6r alla p\u00e5g\u00e5ende projekt och alla kommande och \u00e4ven d\u00e5 \u00e4ven projekt r\u00f6rande fastighetsunderh\u00e5ll.<br><br>F\u00f6r att vara l\u00e4mplig ska den utsedda BAS personen ha den utbildning, kompetens, erfarenhet som beh\u00f6vs f\u00f6r att kunna utf\u00f6ra de uppgifter som \u00e5ligger denne enligt Arbetsmilj\u00f6lagen och <strong>AFS 1993:3<\/strong><br>Byggnads \u2013 och anl\u00e4ggningsarbete med \u00e4ndring <strong>AFS 2008:16<\/strong>.<br><br>Byggherren skall kunna styrka BAS\u2019s kompetens och l\u00e4mplighet med t.ex intyg fr\u00e5n utbildning. Vi har utbildning f\u00f6r BAS-P och BAS-U <\/p>\n\n\n\n<div class=\"wp-block-group\"><div class=\"wp-block-group__inner-container is-layout-flow wp-block-group-is-layout-flow\">\n<h4 class=\"has-text-align-center wp-block-heading\">V\u00e5ra tj\u00e4nster<\/h4>\n\n\n\n<div class=\"wp-block-columns is-layout-flex wp-container-core-columns-is-layout-9d6595d7 wp-block-columns-is-layout-flex\">\n<div class=\"wp-block-column is-layout-flow wp-block-column-is-layout-flow\">\n<figure class=\"wp-block-image size-large\"><a href=\"https:\/\/lbf-konsult.se\/staging\/tjanster\/byggarbetsmiljosamordnare\/\"><img loading=\"lazy\" decoding=\"async\" width=\"1024\" height=\"538\" src=\"https:\/\/lbf-konsult.se\/staging\/wp-content\/uploads\/2019\/12\/Byggarbetsmilj\u00f6samordnare_45401-1024x538.jpg\" alt=\"Byggarbetsmilj\u00f6samordnare\" class=\"wp-image-1705\" srcset=\"https:\/\/lbf-konsult.se\/staging\/wp-content\/uploads\/2019\/12\/Byggarbetsmilj\u00f6samordnare_45401-1024x538.jpg 1024w, https:\/\/lbf-konsult.se\/staging\/wp-content\/uploads\/2019\/12\/Byggarbetsmilj\u00f6samordnare_45401-300x158.jpg 300w, https:\/\/lbf-konsult.se\/staging\/wp-content\/uploads\/2019\/12\/Byggarbetsmilj\u00f6samordnare_45401-768x403.jpg 768w, https:\/\/lbf-konsult.se\/staging\/wp-content\/uploads\/2019\/12\/Byggarbetsmilj\u00f6samordnare_45401.jpg 1200w\" sizes=\"auto, (max-width: 1024px) 100vw, 1024px\" \/><\/a><\/figure>\n\n\n\n<p class=\"has-text-align-center\"><strong><a href=\"https:\/\/lbf-konsult.se\/staging\/tjanster\/byggarbetsmiljosamordnare\/\">Byggarbetsmilj\u00f6samordnare<\/a><\/strong><\/p>\n<\/div>\n\n\n\n<div class=\"wp-block-column is-layout-flow wp-block-column-is-layout-flow\">\n<figure class=\"wp-block-image size-large\"><a href=\"https:\/\/lbf-konsult.se\/staging\/tjanster\/entreprenadbesiktning\/\"><img loading=\"lazy\" decoding=\"async\" width=\"1024\" height=\"538\" src=\"https:\/\/lbf-konsult.se\/staging\/wp-content\/uploads\/2019\/12\/Entreprenad_325910-P9HKP0-165-1024x538.jpg\" alt=\"Entreprenadbesiktning\" class=\"wp-image-1706\" srcset=\"https:\/\/lbf-konsult.se\/staging\/wp-content\/uploads\/2019\/12\/Entreprenad_325910-P9HKP0-165-1024x538.jpg 1024w, https:\/\/lbf-konsult.se\/staging\/wp-content\/uploads\/2019\/12\/Entreprenad_325910-P9HKP0-165-300x158.jpg 300w, https:\/\/lbf-konsult.se\/staging\/wp-content\/uploads\/2019\/12\/Entreprenad_325910-P9HKP0-165-768x403.jpg 768w, https:\/\/lbf-konsult.se\/staging\/wp-content\/uploads\/2019\/12\/Entreprenad_325910-P9HKP0-165.jpg 1200w\" sizes=\"auto, (max-width: 1024px) 100vw, 1024px\" \/><\/a><\/figure>\n\n\n\n<p class=\"has-text-align-center\"><strong><a href=\"https:\/\/lbf-konsult.se\/staging\/tjanster\/entreprenadbesiktning\/\">Entreprenadbesiktninig<\/a><\/strong><\/p>\n<\/div>\n<\/div>\n\n\n\n<div class=\"wp-block-columns is-layout-flex wp-container-core-columns-is-layout-9d6595d7 wp-block-columns-is-layout-flex\">\n<div class=\"wp-block-column is-layout-flow wp-block-column-is-layout-flow\">\n<figure class=\"wp-block-image size-large\"><a href=\"https:\/\/lbf-konsult.se\/staging\/tjanster\/kontrollansvarig\/\"><img loading=\"lazy\" decoding=\"async\" width=\"1024\" height=\"538\" src=\"https:\/\/lbf-konsult.se\/staging\/wp-content\/uploads\/2019\/12\/Kontrollansvarig_2909-1024x538.jpg\" alt=\"Kontrollansvarig\" class=\"wp-image-1707\" srcset=\"https:\/\/lbf-konsult.se\/staging\/wp-content\/uploads\/2019\/12\/Kontrollansvarig_2909-1024x538.jpg 1024w, https:\/\/lbf-konsult.se\/staging\/wp-content\/uploads\/2019\/12\/Kontrollansvarig_2909-300x158.jpg 300w, https:\/\/lbf-konsult.se\/staging\/wp-content\/uploads\/2019\/12\/Kontrollansvarig_2909-768x403.jpg 768w, https:\/\/lbf-konsult.se\/staging\/wp-content\/uploads\/2019\/12\/Kontrollansvarig_2909.jpg 1200w\" sizes=\"auto, (max-width: 1024px) 100vw, 1024px\" \/><\/a><\/figure>\n\n\n\n<p class=\"has-text-align-center\"><strong><a href=\"https:\/\/lbf-konsult.se\/staging\/tjanster\/kontrollansvarig\/\">Kontrollansvarig<\/a><\/strong><\/p>\n<\/div>\n\n\n\n<div class=\"wp-block-column is-layout-flow wp-block-column-is-layout-flow\">\n<figure class=\"wp-block-image size-large\"><a href=\"https:\/\/lbf-konsult.se\/staging\/tjanster\/overlatelsebesiktning\/\"><img loading=\"lazy\" decoding=\"async\" width=\"1024\" height=\"538\" src=\"https:\/\/lbf-konsult.se\/staging\/wp-content\/uploads\/2019\/12\/Besiktning_person-writing-on-paper-on-top-of-table-544965-1024x538.jpg\" alt=\"\u00d6verl\u00e5telsebesiktning\" class=\"wp-image-1704\" srcset=\"https:\/\/lbf-konsult.se\/staging\/wp-content\/uploads\/2019\/12\/Besiktning_person-writing-on-paper-on-top-of-table-544965-1024x538.jpg 1024w, https:\/\/lbf-konsult.se\/staging\/wp-content\/uploads\/2019\/12\/Besiktning_person-writing-on-paper-on-top-of-table-544965-300x158.jpg 300w, https:\/\/lbf-konsult.se\/staging\/wp-content\/uploads\/2019\/12\/Besiktning_person-writing-on-paper-on-top-of-table-544965-768x403.jpg 768w, https:\/\/lbf-konsult.se\/staging\/wp-content\/uploads\/2019\/12\/Besiktning_person-writing-on-paper-on-top-of-table-544965.jpg 1200w\" sizes=\"auto, (max-width: 1024px) 100vw, 1024px\" \/><\/a><\/figure>\n\n\n\n<p class=\"has-text-align-center\"><strong><a href=\"https:\/\/lbf-konsult.se\/staging\/tjanster\/overlatelsebesiktning\/\">\u00d6verl\u00e5telsebesiktning<\/a><\/strong><\/p>\n<\/div>\n<\/div>\n<\/div><\/div>\n\n\n\n<div class=\"wp-block-columns is-layout-flex wp-container-core-columns-is-layout-9d6595d7 wp-block-columns-is-layout-flex\">\n<div class=\"wp-block-column is-layout-flow wp-block-column-is-layout-flow\">\n<figure class=\"wp-block-image size-large\"><a href=\"https:\/\/lbf-konsult.se\/staging\/tjanster\/projektledare\/\"><img loading=\"lazy\" decoding=\"async\" width=\"1024\" height=\"538\" src=\"https:\/\/lbf-konsult.se\/staging\/wp-content\/uploads\/2019\/12\/Projektledare-Tak-och-fasadrenovering-1024x538.jpg\" alt=\"\" class=\"wp-image-1742\" srcset=\"https:\/\/lbf-konsult.se\/staging\/wp-content\/uploads\/2019\/12\/Projektledare-Tak-och-fasadrenovering-1024x538.jpg 1024w, https:\/\/lbf-konsult.se\/staging\/wp-content\/uploads\/2019\/12\/Projektledare-Tak-och-fasadrenovering-300x158.jpg 300w, https:\/\/lbf-konsult.se\/staging\/wp-content\/uploads\/2019\/12\/Projektledare-Tak-och-fasadrenovering-768x403.jpg 768w, https:\/\/lbf-konsult.se\/staging\/wp-content\/uploads\/2019\/12\/Projektledare-Tak-och-fasadrenovering.jpg 1200w\" sizes=\"auto, (max-width: 1024px) 100vw, 1024px\" \/><\/a><\/figure>\n\n\n\n<p class=\"has-text-align-center\"><a href=\"https:\/\/lbf-konsult.se\/staging\/tjanster\/projektledare\/\"><strong>Projektledare <\/strong><\/a><\/p>\n<\/div>\n\n\n\n<div class=\"wp-block-column is-layout-flow wp-block-column-is-layout-flow\">\n<p>Kontakta oss:<br><\/p>\n\n\n\n<h3 class=\"wp-block-heading\">Rolf Malmgren<\/h3>\n\n\n\n<p><a href=\"tel:+46 70 270 20 04\">+46 70 270 20 04<\/a><br><a href=\"mailto:rolf@lbf-konsult.se\">rolf@lbf-konsult.se<\/a><\/p>\n\n\n\n<h3 class=\"wp-block-heading\">G\u00f6ran K Svensson<\/h3>\n\n\n\n<p><a href=\"tel:+46 70 511 41 63\">+46 70 511 41 63<\/a><br><a href=\"mailto:goran@lbf-konsult.se\">goran@lbf-konsult.se<\/a><\/p>\n\n\n\n<h3 class=\"wp-block-heading\">Johan Edh<\/h3>\n\n\n\n<p><a href=\"tel:+46 73 680 16 30\">+46 73 680 16 30<\/a><br><a href=\"mailto:johan@lbf-konsult.se\">johan@lbf-konsult.se<\/a><\/p>\n\n\n\n<p><\/p>\n<\/div>\n<\/div>\n\n\n\n<p><\/p>\n","protected":false},"excerpt":{"rendered":"<p>Inom bygg- och anl\u00e4ggningsbranschen sker m\u00e5nga olyckor, ibland med d\u00f6dlig utg\u00e5ng. Arbetsmilj\u00f6riskerna och riskerna m\u00e5ste lyftas fram och belysas inf\u00f6r varje projekt. Fr.o.m. den 1 januari 2009 skall byggherren utse BAS f\u00f6r alla p\u00e5g\u00e5ende projekt och alla kommande och \u00e4ven d\u00e5 \u00e4ven projekt r\u00f6rande fastighetsunderh\u00e5ll. F\u00f6r att vara l\u00e4mplig ska den utsedda BAS personen ha [&hellip;]<\/p>\n","protected":false},"author":4,"featured_media":1705,"parent":1501,"menu_order":0,"comment_status":"closed","ping_status":"closed","template":"","meta":{"_genesis_hide_title":false,"_genesis_hide_breadcrumbs":false,"_genesis_hide_singular_image":false,"_genesis_custom_body_class":"","_genesis_custom_post_class":"","_genesis_layout":"","_themeisle_gutenberg_block_has_review":false,"footnotes":""},"class_list":{"0":"post-92","1":"page","2":"type-page","3":"status-publish","4":"has-post-thumbnail","6":"entry"},"_links":{"self":[{"href":"https:\/\/lbf-konsult.se\/staging\/wp-json\/wp\/v2\/pages\/92","targetHints":{"allow":["GET"]}}],"collection":[{"href":"https:\/\/lbf-konsult.se\/staging\/wp-json\/wp\/v2\/pages"}],"about":[{"href":"https:\/\/lbf-konsult.se\/staging\/wp-json\/wp\/v2\/types\/page"}],"author":[{"embeddable":true,"href":"https:\/\/lbf-konsult.se\/staging\/wp-json\/wp\/v2\/users\/4"}],"replies":[{"embeddable":true,"href":"https:\/\/lbf-konsult.se\/staging\/wp-json\/wp\/v2\/comments?post=92"}],"version-history":[{"count":24,"href":"https:\/\/lbf-konsult.se\/staging\/wp-json\/wp\/v2\/pages\/92\/revisions"}],"predecessor-version":[{"id":1746,"href":"https:\/\/lbf-konsult.se\/staging\/wp-json\/wp\/v2\/pages\/92\/revisions\/1746"}],"up":[{"embeddable":true,"href":"https:\/\/lbf-konsult.se\/staging\/wp-json\/wp\/v2\/pages\/1501"}],"wp:featuredmedia":[{"embeddable":true,"href":"https:\/\/lbf-konsult.se\/staging\/wp-json\/wp\/v2\/media\/1705"}],"wp:attachment":[{"href":"https:\/\/lbf-konsult.se\/staging\/wp-json\/wp\/v2\/media?parent=92"}],"curies":[{"name":"wp","href":"https:\/\/api.w.org\/{rel}","templated":true}]}}