{"id":87,"date":"2019-12-12T14:10:01","date_gmt":"2019-12-12T13:10:01","guid":{"rendered":"https:\/\/lbf-konsult.se\/staging\/?page_id=87"},"modified":"2019-12-19T12:19:55","modified_gmt":"2019-12-19T11:19:55","slug":"kontrollansvarig","status":"publish","type":"page","link":"https:\/\/lbf-konsult.se\/staging\/tjanster\/kontrollansvarig\/","title":{"rendered":"Kontrollansvarig"},"content":{"rendered":"\n<h3 class=\"wp-block-heading\">N\u00e4r beh\u00f6vs en kontrollansvarig?<\/h3>\n\n\n\n<p>I de flesta fall n\u00e4r man utf\u00f6r bygg-, rivnings-, eller mark\u00e5tg\u00e4rd beh\u00f6vs en kontrollansvarig, f\u00f6rkortat till KA. Idag m\u00e5ste alla KA vara Certifierade med riksbeh\u00f6righet, det finns inga undantag. <\/p>\n\n\n\n<p>KA\u2019s fr\u00e4msta uppgift \u00e4r att ta fram byggherrens kontrollplan och se till att denna f\u00f6ljs. Vid det tekniska samr\u00e5det p\u00e5 Kommunen fastst\u00e4lls denna och d\u00e4refter skall KA se till att alla kontroller utf\u00f6rs.<\/p>\n\n\n\n<p>Om KA uppt\u00e4cker avvikelser s\u00e5 skall byggherren underr\u00e4ttas och vid behov \u00e4ven Byggnadsn\u00e4mnden. Det \u00e4r KA\u2019s skyldighet.<\/p>\n\n\n\n<p>Vi \u00e4r Certifierade KA med beh\u00f6righet K (den h\u00f6gsta beh\u00f6righeten).<\/p>\n\n\n\n<div class=\"wp-block-group\"><div class=\"wp-block-group__inner-container is-layout-flow wp-block-group-is-layout-flow\">\n<h4 class=\"has-text-align-center wp-block-heading\">V\u00e5ra tj\u00e4nster<\/h4>\n\n\n\n<div class=\"wp-block-columns is-layout-flex wp-container-core-columns-is-layout-9d6595d7 wp-block-columns-is-layout-flex\">\n<div class=\"wp-block-column is-layout-flow wp-block-column-is-layout-flow\">\n<figure class=\"wp-block-image size-large\"><a href=\"https:\/\/lbf-konsult.se\/staging\/tjanster\/byggarbetsmiljosamordnare\/\"><img loading=\"lazy\" decoding=\"async\" width=\"1024\" height=\"538\" src=\"https:\/\/lbf-konsult.se\/staging\/wp-content\/uploads\/2019\/12\/Byggarbetsmilj\u00f6samordnare_45401-1024x538.jpg\" alt=\"Byggarbetsmilj\u00f6samordnare\" class=\"wp-image-1705\" srcset=\"https:\/\/lbf-konsult.se\/staging\/wp-content\/uploads\/2019\/12\/Byggarbetsmilj\u00f6samordnare_45401-1024x538.jpg 1024w, https:\/\/lbf-konsult.se\/staging\/wp-content\/uploads\/2019\/12\/Byggarbetsmilj\u00f6samordnare_45401-300x158.jpg 300w, https:\/\/lbf-konsult.se\/staging\/wp-content\/uploads\/2019\/12\/Byggarbetsmilj\u00f6samordnare_45401-768x403.jpg 768w, https:\/\/lbf-konsult.se\/staging\/wp-content\/uploads\/2019\/12\/Byggarbetsmilj\u00f6samordnare_45401.jpg 1200w\" sizes=\"auto, (max-width: 1024px) 100vw, 1024px\" \/><\/a><\/figure>\n\n\n\n<p class=\"has-text-align-center\"><strong><a href=\"https:\/\/lbf-konsult.se\/staging\/tjanster\/byggarbetsmiljosamordnare\/\">Byggarbetsmilj\u00f6samordnare<\/a><\/strong><\/p>\n<\/div>\n\n\n\n<div class=\"wp-block-column is-layout-flow wp-block-column-is-layout-flow\">\n<figure class=\"wp-block-image size-large\"><a href=\"https:\/\/lbf-konsult.se\/staging\/tjanster\/entreprenadbesiktning\/\"><img loading=\"lazy\" decoding=\"async\" width=\"1024\" height=\"538\" src=\"https:\/\/lbf-konsult.se\/staging\/wp-content\/uploads\/2019\/12\/Entreprenad_325910-P9HKP0-165-1024x538.jpg\" alt=\"Entreprenadbesiktning\" class=\"wp-image-1706\" srcset=\"https:\/\/lbf-konsult.se\/staging\/wp-content\/uploads\/2019\/12\/Entreprenad_325910-P9HKP0-165-1024x538.jpg 1024w, https:\/\/lbf-konsult.se\/staging\/wp-content\/uploads\/2019\/12\/Entreprenad_325910-P9HKP0-165-300x158.jpg 300w, https:\/\/lbf-konsult.se\/staging\/wp-content\/uploads\/2019\/12\/Entreprenad_325910-P9HKP0-165-768x403.jpg 768w, https:\/\/lbf-konsult.se\/staging\/wp-content\/uploads\/2019\/12\/Entreprenad_325910-P9HKP0-165.jpg 1200w\" sizes=\"auto, (max-width: 1024px) 100vw, 1024px\" \/><\/a><\/figure>\n\n\n\n<p class=\"has-text-align-center\"><strong><a href=\"https:\/\/lbf-konsult.se\/staging\/tjanster\/entreprenadbesiktning\/\">Entreprenadbesiktninig<\/a><\/strong><\/p>\n<\/div>\n<\/div>\n\n\n\n<div class=\"wp-block-columns is-layout-flex wp-container-core-columns-is-layout-9d6595d7 wp-block-columns-is-layout-flex\">\n<div class=\"wp-block-column is-layout-flow wp-block-column-is-layout-flow\">\n<figure class=\"wp-block-image size-large\"><a href=\"https:\/\/lbf-konsult.se\/staging\/tjanster\/kontrollansvarig\/\"><img loading=\"lazy\" decoding=\"async\" width=\"1024\" height=\"538\" src=\"https:\/\/lbf-konsult.se\/staging\/wp-content\/uploads\/2019\/12\/Kontrollansvarig_2909-1024x538.jpg\" alt=\"Kontrollansvarig\" class=\"wp-image-1707\" srcset=\"https:\/\/lbf-konsult.se\/staging\/wp-content\/uploads\/2019\/12\/Kontrollansvarig_2909-1024x538.jpg 1024w, https:\/\/lbf-konsult.se\/staging\/wp-content\/uploads\/2019\/12\/Kontrollansvarig_2909-300x158.jpg 300w, https:\/\/lbf-konsult.se\/staging\/wp-content\/uploads\/2019\/12\/Kontrollansvarig_2909-768x403.jpg 768w, https:\/\/lbf-konsult.se\/staging\/wp-content\/uploads\/2019\/12\/Kontrollansvarig_2909.jpg 1200w\" sizes=\"auto, (max-width: 1024px) 100vw, 1024px\" \/><\/a><\/figure>\n\n\n\n<p class=\"has-text-align-center\"><strong><a href=\"https:\/\/lbf-konsult.se\/staging\/tjanster\/kontrollansvarig\/\">Kontrollansvarig<\/a><\/strong><\/p>\n<\/div>\n\n\n\n<div class=\"wp-block-column is-layout-flow wp-block-column-is-layout-flow\">\n<figure class=\"wp-block-image size-large\"><a href=\"https:\/\/lbf-konsult.se\/staging\/tjanster\/overlatelsebesiktning\/\"><img loading=\"lazy\" decoding=\"async\" width=\"1024\" height=\"538\" src=\"https:\/\/lbf-konsult.se\/staging\/wp-content\/uploads\/2019\/12\/Besiktning_person-writing-on-paper-on-top-of-table-544965-1024x538.jpg\" alt=\"\u00d6verl\u00e5telsebesiktning\" class=\"wp-image-1704\" srcset=\"https:\/\/lbf-konsult.se\/staging\/wp-content\/uploads\/2019\/12\/Besiktning_person-writing-on-paper-on-top-of-table-544965-1024x538.jpg 1024w, https:\/\/lbf-konsult.se\/staging\/wp-content\/uploads\/2019\/12\/Besiktning_person-writing-on-paper-on-top-of-table-544965-300x158.jpg 300w, https:\/\/lbf-konsult.se\/staging\/wp-content\/uploads\/2019\/12\/Besiktning_person-writing-on-paper-on-top-of-table-544965-768x403.jpg 768w, https:\/\/lbf-konsult.se\/staging\/wp-content\/uploads\/2019\/12\/Besiktning_person-writing-on-paper-on-top-of-table-544965.jpg 1200w\" sizes=\"auto, (max-width: 1024px) 100vw, 1024px\" \/><\/a><\/figure>\n\n\n\n<p class=\"has-text-align-center\"><strong><a href=\"https:\/\/lbf-konsult.se\/staging\/tjanster\/overlatelsebesiktning\/\">\u00d6verl\u00e5telsebesiktning<\/a><\/strong><\/p>\n<\/div>\n<\/div>\n<\/div><\/div>\n\n\n\n<div class=\"wp-block-columns is-layout-flex wp-container-core-columns-is-layout-9d6595d7 wp-block-columns-is-layout-flex\">\n<div class=\"wp-block-column is-layout-flow wp-block-column-is-layout-flow\">\n<figure class=\"wp-block-image size-large\"><a href=\"https:\/\/lbf-konsult.se\/staging\/tjanster\/projektledare\/\"><img loading=\"lazy\" decoding=\"async\" width=\"1024\" height=\"538\" src=\"https:\/\/lbf-konsult.se\/staging\/wp-content\/uploads\/2019\/12\/Projektledare-Tak-och-fasadrenovering-1024x538.jpg\" alt=\"\" class=\"wp-image-1742\" srcset=\"https:\/\/lbf-konsult.se\/staging\/wp-content\/uploads\/2019\/12\/Projektledare-Tak-och-fasadrenovering-1024x538.jpg 1024w, https:\/\/lbf-konsult.se\/staging\/wp-content\/uploads\/2019\/12\/Projektledare-Tak-och-fasadrenovering-300x158.jpg 300w, https:\/\/lbf-konsult.se\/staging\/wp-content\/uploads\/2019\/12\/Projektledare-Tak-och-fasadrenovering-768x403.jpg 768w, https:\/\/lbf-konsult.se\/staging\/wp-content\/uploads\/2019\/12\/Projektledare-Tak-och-fasadrenovering.jpg 1200w\" sizes=\"auto, (max-width: 1024px) 100vw, 1024px\" \/><\/a><\/figure>\n\n\n\n<p class=\"has-text-align-center\"><a href=\"https:\/\/lbf-konsult.se\/staging\/tjanster\/projektledare\/\"><strong>Projektledare <\/strong><\/a><\/p>\n<\/div>\n\n\n\n<div class=\"wp-block-column is-layout-flow wp-block-column-is-layout-flow\">\n<p>Kontakta oss:<br><\/p>\n\n\n\n<h3 class=\"wp-block-heading\">Rolf Malmgren<\/h3>\n\n\n\n<p><a href=\"tel:+46 70 270 20 04\">+46 70 270 20 04<\/a><br><a href=\"mailto:rolf@lbf-konsult.se\">rolf@lbf-konsult.se<\/a><\/p>\n\n\n\n<h3 class=\"wp-block-heading\">G\u00f6ran K Svensson<\/h3>\n\n\n\n<p><a href=\"tel:+46 70 511 41 63\">+46 70 511 41 63<\/a><br><a href=\"mailto:goran@lbf-konsult.se\">goran@lbf-konsult.se<\/a><\/p>\n\n\n\n<h3 class=\"wp-block-heading\">Johan Edh<\/h3>\n\n\n\n<p><a href=\"tel:+46 73 680 16 30\">+46 73 680 16 30<\/a><br><a href=\"mailto:johan@lbf-konsult.se\">johan@lbf-konsult.se<\/a><\/p>\n\n\n\n<p><\/p>\n<\/div>\n<\/div>\n\n\n\n<p><\/p>\n","protected":false},"excerpt":{"rendered":"<p>N\u00e4r beh\u00f6vs en kontrollansvarig? I de flesta fall n\u00e4r man utf\u00f6r bygg-, rivnings-, eller mark\u00e5tg\u00e4rd beh\u00f6vs en kontrollansvarig, f\u00f6rkortat till KA. Idag m\u00e5ste alla KA vara Certifierade med riksbeh\u00f6righet, det finns inga undantag. KA\u2019s fr\u00e4msta uppgift \u00e4r att ta fram byggherrens kontrollplan och se till att denna f\u00f6ljs. Vid det tekniska samr\u00e5det p\u00e5 Kommunen fastst\u00e4lls [&hellip;]<\/p>\n","protected":false},"author":4,"featured_media":1707,"parent":1501,"menu_order":0,"comment_status":"closed","ping_status":"closed","template":"","meta":{"_genesis_hide_title":false,"_genesis_hide_breadcrumbs":false,"_genesis_hide_singular_image":false,"_genesis_custom_body_class":"","_genesis_custom_post_class":"","_genesis_layout":"full-width-content","_themeisle_gutenberg_block_has_review":false,"footnotes":""},"class_list":{"0":"post-87","1":"page","2":"type-page","3":"status-publish","4":"has-post-thumbnail","6":"entry"},"_links":{"self":[{"href":"https:\/\/lbf-konsult.se\/staging\/wp-json\/wp\/v2\/pages\/87","targetHints":{"allow":["GET"]}}],"collection":[{"href":"https:\/\/lbf-konsult.se\/staging\/wp-json\/wp\/v2\/pages"}],"about":[{"href":"https:\/\/lbf-konsult.se\/staging\/wp-json\/wp\/v2\/types\/page"}],"author":[{"embeddable":true,"href":"https:\/\/lbf-konsult.se\/staging\/wp-json\/wp\/v2\/users\/4"}],"replies":[{"embeddable":true,"href":"https:\/\/lbf-konsult.se\/staging\/wp-json\/wp\/v2\/comments?post=87"}],"version-history":[{"count":4,"href":"https:\/\/lbf-konsult.se\/staging\/wp-json\/wp\/v2\/pages\/87\/revisions"}],"predecessor-version":[{"id":1736,"href":"https:\/\/lbf-konsult.se\/staging\/wp-json\/wp\/v2\/pages\/87\/revisions\/1736"}],"up":[{"embeddable":true,"href":"https:\/\/lbf-konsult.se\/staging\/wp-json\/wp\/v2\/pages\/1501"}],"wp:featuredmedia":[{"embeddable":true,"href":"https:\/\/lbf-konsult.se\/staging\/wp-json\/wp\/v2\/media\/1707"}],"wp:attachment":[{"href":"https:\/\/lbf-konsult.se\/staging\/wp-json\/wp\/v2\/media?parent=87"}],"curies":[{"name":"wp","href":"https:\/\/api.w.org\/{rel}","templated":true}]}}