{"id":1741,"date":"2019-12-20T10:38:32","date_gmt":"2019-12-20T09:38:32","guid":{"rendered":"https:\/\/lbf-konsult.se\/staging\/?page_id=1741"},"modified":"2021-04-15T15:01:41","modified_gmt":"2021-04-15T13:01:41","slug":"projektledare","status":"publish","type":"page","link":"https:\/\/lbf-konsult.se\/staging\/tjanster\/projektledare\/","title":{"rendered":"Projektledare"},"content":{"rendered":"\n<h4 class=\"wp-block-heading\">Som projektledare tar vi fram Rambeskrivning och AF handlingar (Allm\u00e4nna F\u00f6reskrifter) f\u00f6r ett projekt. <\/h4>\n\n\n\n<p>Som projektledare medverkar vi till att ta fram och skicka ut FFU (F\u00f6rfr\u00e5gningsunderlag) till av best\u00e4llaren valda entrepren\u00f6rer. Vi sammanst\u00e4ller dessa n\u00e4r anbuden kommit in och redovisar f\u00f6r best\u00e4llaren samt rekommenderar entrepren\u00f6r. <br><br>Vidare skriver vi entreprenadkontrakt med vald entrepren\u00f6r och h\u00e5ller i startm\u00f6te samt alla byggm\u00f6ten. Vi driver hela projektet med entrepren\u00f6ren till det \u00e4r klart f\u00f6r slutbesiktning och utf\u00f6r byggkontroller under hela projektet.<\/p>\n\n\n\n<div class=\"wp-block-group\"><div class=\"wp-block-group__inner-container is-layout-flow wp-block-group-is-layout-flow\">\n<h4 class=\"has-text-align-center wp-block-heading\">V\u00e5ra tj\u00e4nster<\/h4>\n\n\n\n<div class=\"wp-block-columns is-layout-flex wp-container-core-columns-is-layout-9d6595d7 wp-block-columns-is-layout-flex\">\n<div class=\"wp-block-column is-layout-flow wp-block-column-is-layout-flow\">\n<figure class=\"wp-block-image size-large\"><a href=\"https:\/\/lbf-konsult.se\/staging\/tjanster\/byggarbetsmiljosamordnare\/\"><img loading=\"lazy\" decoding=\"async\" width=\"1024\" height=\"538\" src=\"https:\/\/lbf-konsult.se\/staging\/wp-content\/uploads\/2019\/12\/Byggarbetsmilj\u00f6samordnare_45401-1024x538.jpg\" alt=\"Byggarbetsmilj\u00f6samordnare\" class=\"wp-image-1705\" srcset=\"https:\/\/lbf-konsult.se\/staging\/wp-content\/uploads\/2019\/12\/Byggarbetsmilj\u00f6samordnare_45401-1024x538.jpg 1024w, https:\/\/lbf-konsult.se\/staging\/wp-content\/uploads\/2019\/12\/Byggarbetsmilj\u00f6samordnare_45401-300x158.jpg 300w, https:\/\/lbf-konsult.se\/staging\/wp-content\/uploads\/2019\/12\/Byggarbetsmilj\u00f6samordnare_45401-768x403.jpg 768w, https:\/\/lbf-konsult.se\/staging\/wp-content\/uploads\/2019\/12\/Byggarbetsmilj\u00f6samordnare_45401.jpg 1200w\" sizes=\"auto, (max-width: 1024px) 100vw, 1024px\" \/><\/a><\/figure>\n\n\n\n<p class=\"has-text-align-center\"><strong><a href=\"https:\/\/lbf-konsult.se\/staging\/tjanster\/byggarbetsmiljosamordnare\/\">Byggarbetsmilj\u00f6samordnare<\/a><\/strong><\/p>\n<\/div>\n\n\n\n<div class=\"wp-block-column is-layout-flow wp-block-column-is-layout-flow\">\n<figure class=\"wp-block-image size-large\"><a href=\"https:\/\/lbf-konsult.se\/staging\/tjanster\/entreprenadbesiktning\/\"><img loading=\"lazy\" decoding=\"async\" width=\"1024\" height=\"538\" src=\"https:\/\/lbf-konsult.se\/staging\/wp-content\/uploads\/2019\/12\/Entreprenad_325910-P9HKP0-165-1024x538.jpg\" alt=\"Entreprenadbesiktning\" class=\"wp-image-1706\" srcset=\"https:\/\/lbf-konsult.se\/staging\/wp-content\/uploads\/2019\/12\/Entreprenad_325910-P9HKP0-165-1024x538.jpg 1024w, https:\/\/lbf-konsult.se\/staging\/wp-content\/uploads\/2019\/12\/Entreprenad_325910-P9HKP0-165-300x158.jpg 300w, https:\/\/lbf-konsult.se\/staging\/wp-content\/uploads\/2019\/12\/Entreprenad_325910-P9HKP0-165-768x403.jpg 768w, https:\/\/lbf-konsult.se\/staging\/wp-content\/uploads\/2019\/12\/Entreprenad_325910-P9HKP0-165.jpg 1200w\" sizes=\"auto, (max-width: 1024px) 100vw, 1024px\" \/><\/a><\/figure>\n\n\n\n<p class=\"has-text-align-center\"><strong><a href=\"https:\/\/lbf-konsult.se\/staging\/tjanster\/entreprenadbesiktning\/\">Entreprenadbesiktninig<\/a><\/strong><\/p>\n<\/div>\n<\/div>\n\n\n\n<div class=\"wp-block-columns is-layout-flex wp-container-core-columns-is-layout-9d6595d7 wp-block-columns-is-layout-flex\">\n<div class=\"wp-block-column is-layout-flow wp-block-column-is-layout-flow\">\n<figure class=\"wp-block-image size-large\"><a href=\"https:\/\/lbf-konsult.se\/staging\/tjanster\/kontrollansvarig\/\"><img loading=\"lazy\" decoding=\"async\" width=\"1024\" height=\"538\" src=\"https:\/\/lbf-konsult.se\/staging\/wp-content\/uploads\/2019\/12\/Kontrollansvarig_2909-1024x538.jpg\" alt=\"Kontrollansvarig\" class=\"wp-image-1707\" srcset=\"https:\/\/lbf-konsult.se\/staging\/wp-content\/uploads\/2019\/12\/Kontrollansvarig_2909-1024x538.jpg 1024w, https:\/\/lbf-konsult.se\/staging\/wp-content\/uploads\/2019\/12\/Kontrollansvarig_2909-300x158.jpg 300w, https:\/\/lbf-konsult.se\/staging\/wp-content\/uploads\/2019\/12\/Kontrollansvarig_2909-768x403.jpg 768w, https:\/\/lbf-konsult.se\/staging\/wp-content\/uploads\/2019\/12\/Kontrollansvarig_2909.jpg 1200w\" sizes=\"auto, (max-width: 1024px) 100vw, 1024px\" \/><\/a><\/figure>\n\n\n\n<p class=\"has-text-align-center\"><strong><a href=\"https:\/\/lbf-konsult.se\/staging\/tjanster\/kontrollansvarig\/\">Kontrollansvarig<\/a><\/strong><\/p>\n<\/div>\n\n\n\n<div class=\"wp-block-column is-layout-flow wp-block-column-is-layout-flow\">\n<figure class=\"wp-block-image size-large\"><a href=\"https:\/\/lbf-konsult.se\/staging\/tjanster\/overlatelsebesiktning\/\"><img loading=\"lazy\" decoding=\"async\" width=\"1024\" height=\"538\" src=\"https:\/\/lbf-konsult.se\/staging\/wp-content\/uploads\/2019\/12\/Besiktning_person-writing-on-paper-on-top-of-table-544965-1024x538.jpg\" alt=\"\u00d6verl\u00e5telsebesiktning\" class=\"wp-image-1704\" srcset=\"https:\/\/lbf-konsult.se\/staging\/wp-content\/uploads\/2019\/12\/Besiktning_person-writing-on-paper-on-top-of-table-544965-1024x538.jpg 1024w, https:\/\/lbf-konsult.se\/staging\/wp-content\/uploads\/2019\/12\/Besiktning_person-writing-on-paper-on-top-of-table-544965-300x158.jpg 300w, https:\/\/lbf-konsult.se\/staging\/wp-content\/uploads\/2019\/12\/Besiktning_person-writing-on-paper-on-top-of-table-544965-768x403.jpg 768w, https:\/\/lbf-konsult.se\/staging\/wp-content\/uploads\/2019\/12\/Besiktning_person-writing-on-paper-on-top-of-table-544965.jpg 1200w\" sizes=\"auto, (max-width: 1024px) 100vw, 1024px\" \/><\/a><\/figure>\n\n\n\n<p class=\"has-text-align-center\"><strong><a href=\"https:\/\/lbf-konsult.se\/staging\/tjanster\/overlatelsebesiktning\/\">\u00d6verl\u00e5telsebesiktning<\/a><\/strong><\/p>\n<\/div>\n<\/div>\n<\/div><\/div>\n\n\n\n<div class=\"wp-block-columns is-layout-flex wp-container-core-columns-is-layout-9d6595d7 wp-block-columns-is-layout-flex\">\n<div class=\"wp-block-column is-layout-flow wp-block-column-is-layout-flow\">\n<figure class=\"wp-block-image size-large\"><a href=\"https:\/\/lbf-konsult.se\/staging\/tjanster\/projektledare\/\"><img loading=\"lazy\" decoding=\"async\" width=\"1024\" height=\"538\" src=\"https:\/\/lbf-konsult.se\/staging\/wp-content\/uploads\/2019\/12\/Projektledare-Tak-och-fasadrenovering-1024x538.jpg\" alt=\"\" class=\"wp-image-1742\" srcset=\"https:\/\/lbf-konsult.se\/staging\/wp-content\/uploads\/2019\/12\/Projektledare-Tak-och-fasadrenovering-1024x538.jpg 1024w, https:\/\/lbf-konsult.se\/staging\/wp-content\/uploads\/2019\/12\/Projektledare-Tak-och-fasadrenovering-300x158.jpg 300w, https:\/\/lbf-konsult.se\/staging\/wp-content\/uploads\/2019\/12\/Projektledare-Tak-och-fasadrenovering-768x403.jpg 768w, https:\/\/lbf-konsult.se\/staging\/wp-content\/uploads\/2019\/12\/Projektledare-Tak-och-fasadrenovering.jpg 1200w\" sizes=\"auto, (max-width: 1024px) 100vw, 1024px\" \/><\/a><\/figure>\n\n\n\n<p class=\"has-text-align-center\"><a href=\"https:\/\/lbf-konsult.se\/staging\/tjanster\/projektledare\/\"><strong>Projektledare <\/strong><\/a><\/p>\n<\/div>\n\n\n\n<div class=\"wp-block-column is-layout-flow wp-block-column-is-layout-flow\">\n<p>Kontakta oss:<br><\/p>\n\n\n\n<h3 class=\"wp-block-heading\">Rolf Malmgren<\/h3>\n\n\n\n<p><a href=\"tel:+46 70 270 20 04\">+46 70 270 20 04<\/a><br><a href=\"mailto:rolf@lbf-konsult.se\">rolf@lbf-konsult.se<\/a><\/p>\n\n\n\n<h3 class=\"wp-block-heading\">G\u00f6ran K Svensson<\/h3>\n\n\n\n<p><a href=\"tel:+46 70 511 41 63\">+46 70 511 41 63<\/a><br><a href=\"mailto:goran@lbf-konsult.se\">goran@lbf-konsult.se<\/a><\/p>\n\n\n\n<h3 class=\"wp-block-heading\">Johan Edh<\/h3>\n\n\n\n<p><a href=\"tel:+46 73 680 16 30\">+46 73 680 16 30<\/a><br><a href=\"mailto:johan@lbf-konsult.se\">johan@lbf-konsult.se<\/a><\/p>\n\n\n\n<p><\/p>\n<\/div>\n<\/div>\n\n\n\n<p><\/p>\n\n\n\n<div class=\"wp-block-group is-layout-flow wp-block-group-is-layout-flow\"><div class=\"wp-block-group__inner-container\"><\/div><\/div>\n\n\n\n<div class=\"wp-block-columns is-layout-flex wp-container-core-columns-is-layout-9d6595d7 wp-block-columns-is-layout-flex\"><\/div>\n\n\n\n<p><\/p>\n\n\n\n<p><\/p>\n","protected":false},"excerpt":{"rendered":"<p>Som projektledare tar vi fram Rambeskrivning och AF handlingar (Allm\u00e4nna F\u00f6reskrifter) f\u00f6r ett projekt. Som projektledare medverkar vi till att ta fram och skicka ut FFU (F\u00f6rfr\u00e5gningsunderlag) till av best\u00e4llaren valda entrepren\u00f6rer. Vi sammanst\u00e4ller dessa n\u00e4r anbuden kommit in och redovisar f\u00f6r best\u00e4llaren samt rekommenderar entrepren\u00f6r. Vidare skriver vi entreprenadkontrakt med vald entrepren\u00f6r och h\u00e5ller [&hellip;]<\/p>\n","protected":false},"author":4,"featured_media":1742,"parent":1501,"menu_order":0,"comment_status":"closed","ping_status":"closed","template":"","meta":{"_genesis_hide_title":false,"_genesis_hide_breadcrumbs":false,"_genesis_hide_singular_image":false,"_genesis_custom_body_class":"","_genesis_custom_post_class":"","_genesis_layout":"","_themeisle_gutenberg_block_has_review":false,"footnotes":""},"class_list":{"0":"post-1741","1":"page","2":"type-page","3":"status-publish","4":"has-post-thumbnail","6":"entry"},"_links":{"self":[{"href":"https:\/\/lbf-konsult.se\/staging\/wp-json\/wp\/v2\/pages\/1741","targetHints":{"allow":["GET"]}}],"collection":[{"href":"https:\/\/lbf-konsult.se\/staging\/wp-json\/wp\/v2\/pages"}],"about":[{"href":"https:\/\/lbf-konsult.se\/staging\/wp-json\/wp\/v2\/types\/page"}],"author":[{"embeddable":true,"href":"https:\/\/lbf-konsult.se\/staging\/wp-json\/wp\/v2\/users\/4"}],"replies":[{"embeddable":true,"href":"https:\/\/lbf-konsult.se\/staging\/wp-json\/wp\/v2\/comments?post=1741"}],"version-history":[{"count":6,"href":"https:\/\/lbf-konsult.se\/staging\/wp-json\/wp\/v2\/pages\/1741\/revisions"}],"predecessor-version":[{"id":1781,"href":"https:\/\/lbf-konsult.se\/staging\/wp-json\/wp\/v2\/pages\/1741\/revisions\/1781"}],"up":[{"embeddable":true,"href":"https:\/\/lbf-konsult.se\/staging\/wp-json\/wp\/v2\/pages\/1501"}],"wp:featuredmedia":[{"embeddable":true,"href":"https:\/\/lbf-konsult.se\/staging\/wp-json\/wp\/v2\/media\/1742"}],"wp:attachment":[{"href":"https:\/\/lbf-konsult.se\/staging\/wp-json\/wp\/v2\/media?parent=1741"}],"curies":[{"name":"wp","href":"https:\/\/api.w.org\/{rel}","templated":true}]}}