{"id":1501,"date":"2017-04-05T10:59:00","date_gmt":"2017-04-05T08:59:00","guid":{"rendered":"http:\/\/studio.dev\/?page_id=8"},"modified":"2019-12-20T13:29:32","modified_gmt":"2019-12-20T12:29:32","slug":"tjanster","status":"publish","type":"page","link":"https:\/\/lbf-konsult.se\/staging\/","title":{"rendered":"LBF Konsult"},"content":{"rendered":"\n<p>\u2013 Godk\u00e4nd \u00f6verl\u00e5telsebesiktningsman SBR<br> \u2013 SITAC Certifierad BAS P<br> \u2013 Byggteknisk konsult vid om- och tillbyggnad<br> \u2013 Utf\u00f6r Projektledning\u2013 Byggingenj\u00f6r, ansluten till SBR<br>\u2013 SITAC Certifierad Entreprenadbesiktningsman<br>\u2013 SITAC Certifierad Kontrollansvarig Beh\u00f6righet K<br>\u2013 Godk\u00e4nd \u00f6verl\u00e5telsebesiktningsman SBR<br>\u2013 SITAC Certifierad BAS P<br>\u2013 Byggteknisk konsult vid om- och tillbyggnad<br>\u2013 Utf\u00f6r Projektledning\u2013 Godk\u00e4nd \u00f6verl\u00e5telsebesiktningsman SBR<br> \u2013 SITAC Certifierad BAS P<br> \u2013 Byggteknisk konsult vid om- och tillbyggnad<br> \u2013 Utf\u00f6r Projektledning<\/p>\n","protected":false},"excerpt":{"rendered":"<p>We transform great ideas into amazing digital products.<br \/>\n<br \/>\n<button>See our work<\/button><\/p>\n","protected":false},"author":4,"featured_media":0,"parent":0,"menu_order":0,"comment_status":"closed","ping_status":"closed","template":"templates\/page-builder.php","meta":{"_genesis_hide_title":false,"_genesis_hide_breadcrumbs":false,"_genesis_hide_singular_image":false,"_genesis_custom_body_class":"","_genesis_custom_post_class":"","_genesis_layout":"full-width-content","_themeisle_gutenberg_block_has_review":false,"footnotes":""},"class_list":{"0":"post-1501","1":"page","2":"type-page","3":"status-publish","5":"entry"},"_links":{"self":[{"href":"https:\/\/lbf-konsult.se\/staging\/wp-json\/wp\/v2\/pages\/1501","targetHints":{"allow":["GET"]}}],"collection":[{"href":"https:\/\/lbf-konsult.se\/staging\/wp-json\/wp\/v2\/pages"}],"about":[{"href":"https:\/\/lbf-konsult.se\/staging\/wp-json\/wp\/v2\/types\/page"}],"author":[{"embeddable":true,"href":"https:\/\/lbf-konsult.se\/staging\/wp-json\/wp\/v2\/users\/4"}],"replies":[{"embeddable":true,"href":"https:\/\/lbf-konsult.se\/staging\/wp-json\/wp\/v2\/comments?post=1501"}],"version-history":[{"count":1,"href":"https:\/\/lbf-konsult.se\/staging\/wp-json\/wp\/v2\/pages\/1501\/revisions"}],"predecessor-version":[{"id":1660,"href":"https:\/\/lbf-konsult.se\/staging\/wp-json\/wp\/v2\/pages\/1501\/revisions\/1660"}],"wp:attachment":[{"href":"https:\/\/lbf-konsult.se\/staging\/wp-json\/wp\/v2\/media?parent=1501"}],"curies":[{"name":"wp","href":"https:\/\/api.w.org\/{rel}","templated":true}]}}